{"id":96,"date":"2020-07-14T06:45:46","date_gmt":"2020-07-14T06:45:46","guid":{"rendered":"http:\/\/lygudumb.lt\/?page_id=96"},"modified":"2025-03-27T18:24:14","modified_gmt":"2025-03-27T16:24:14","slug":"apie-mus","status":"publish","type":"page","link":"https:\/\/lygudumb.lt\/index.php\/apie-mus\/","title":{"rendered":"Apie mus"},"content":{"rendered":"\n<p>1960 metais \u0160iauli\u0173 draugijos med\u017eiotojai prad\u0117jo burtis \u012f b\u016brelius (tada jie buvo vadinami rateliais). \u012esik\u016br\u0117 ir pirmasis ratelis, \u012f kurio med\u017eiokl\u0117s plotus \u012f\u0117jo beveik visa dabartinio Lygud\u0173 b\u016brelio teritorija ir didel\u0117 plot\u0173 dalis \u012f \u0161iaur\u0119, iki pat M\u016b\u0161os up\u0117s. Med\u017eiotojams buvo priskirti pastov\u016bs med\u017eiokl\u0117s plotai. Pirmuoju ratelio vadovu tapo mi\u0161kininkas, \u017eurnalistas, ilgametis \u017eurnalo ,,Med\u017eiotojas ir me\u0161keriotojas\u201c redaktorius Vytautas Klovas. \u012esik\u016brus rateliui prad\u0117ta r\u016bpintis biotechnija, papildomu \u017ev\u0117reli\u0173 \u0161\u0117rimu \u017eiem\u0105, ta\u010diau \u0161is laikmetis ypa\u010d i\u0161siskyr\u0117 grynaveisli\u0173 med\u017eioklini\u0173 \u0161un\u0173 populiarumu. Ratelio med\u017eiotojai \u0161unis atsive\u017edavo i\u0161 tuometinio Leningrado, Maskvos, Gomelio. Atsirado pirmosios Vakar\u0173 Sibiro laikos, rus\u0173 skalikai, \u0161iurk\u0161\u010diaplaukiai foksterjerai. \u0160unis laik\u0117 vos ne kas antras ratelio narys, o 1965 metais tarprajonin\u0117je med\u017eioklini\u0173 \u0161un\u0173 parodoje \u0160iauliuose ratelio med\u017eiotoj\u0173 augintiniai peln\u0117 daugiausiai medali\u0173 ir diplom\u0173. 1966 met\u0173 ruden\u012f pirmasis ratelis vien mi\u0161k\u0173 med\u017eiokl\u0117s plot\u0173 tur\u0117j\u0119s per 5000 ha skilo \u012f du b\u016brelius. Susik\u016br\u0117 Gruzd\u017ei\u0173 ir Lygud\u0173 med\u017eiotoj\u0173 b\u016breliai. Gruzdi\u0161kiams vadovauti prad\u0117jo v\u0117liau ilgametis b\u016brelio pirmininkas Jurgis Katauskas, o lygudi\u0161kiams Juozas D\u016bd\u0117nas. Lygud\u0173 med\u017eiotoj\u0173 b\u016breliui atiteko tuometin\u0117s Lygud\u0173 girininkijos mi\u0161kai, kuriuose b\u016brelis tebemed\u017eioja ir dabar. Buv\u0119 ratelio med\u017eiotojai i\u0161siskyr\u0117 draugi\u0161kai, be piktum\u0173 ir gin\u010d\u0173 pasidalij\u0119 med\u017eiokl\u0117s plotus. Pirmieji Lygud\u0173 b\u016brelio, kaip atskiro med\u017eiokl\u0117s vieneto veiklos metai yra 1967, tod\u0117l jie ir laikomi \u012fsik\u016brimo metais.<\/p>\n\n\n\n<h6 class=\"wp-block-heading has-text-align-center\">B\u016brelio rib\u0173 \u017eem\u0117lapis<\/h6>\n\n\n\n<figure class=\"wp-block-image alignwide size-large\"><img loading=\"lazy\" decoding=\"async\" width=\"690\" height=\"476\" src=\"https:\/\/lygudumb.lt\/wp-content\/uploads\/2020\/07\/ribu_zemelapis.png\" alt=\"\" class=\"wp-image-65\" srcset=\"https:\/\/lygudumb.lt\/wp-content\/uploads\/2020\/07\/ribu_zemelapis.png 690w, https:\/\/lygudumb.lt\/wp-content\/uploads\/2020\/07\/ribu_zemelapis-300x207.png 300w\" sizes=\"auto, (max-width: 690px) 100vw, 690px\" \/><figcaption class=\"wp-element-caption\"><strong>B\u016brelio rib\u0173 \u017eem\u0117lapis<\/strong><\/figcaption><\/figure>\n\n\n\n<div class=\"wp-block-group alignwide has-background\" style=\"background-color:#ffffff\"><div class=\"wp-block-group__inner-container is-layout-flow wp-block-group-is-layout-flow\">\n<div class=\"wp-block-group\"><div class=\"wp-block-group__inner-container is-layout-flow wp-block-group-is-layout-flow\">\n<h2 class=\"has-text-align-center wp-block-heading\">Tapkite Lygud\u0173 b\u016brelio nariu<\/h2>\n\n\n\n<p class=\"has-text-align-center\">Nor\u0117dami su\u017einoti daugiau susisiekite su mumis<\/p>\n\n\n\n<div class=\"wp-block-button aligncenter\"><a class=\"wp-block-button__link\" href=\"https:\/\/lygudumb.lt\/index.php\/kontaktai\/\" rel=\"https:\/\/lygudumb.lt\/index.php\/kontaktai\/\">Susisiekti<\/a><\/div>\n<\/div><\/div>\n<\/div><\/div>\n","protected":false},"excerpt":{"rendered":"<p>1960 metais \u0160iauli\u0173 draugijos med\u017eiotojai prad\u0117jo burtis \u012f b\u016brelius (tada jie buvo vadinami rateliais). \u012esik\u016br\u0117 ir pirmasis ratelis, \u012f kurio med\u017eiokl\u0117s plotus \u012f\u0117jo beveik visa dabartinio Lygud\u0173 b\u016brelio teritorija ir didel\u0117 plot\u0173 dalis \u012f \u0161iaur\u0119, iki pat M\u016b\u0161os up\u0117s. Med\u017eiotojams buvo priskirti pastov\u016bs med\u017eiokl\u0117s plotai. Pirmuoju ratelio vadovu tapo mi\u0161kininkas, \u017eurnalistas, ilgametis \u017eurnalo ,,Med\u017eiotojas ir [&hellip;]<\/p>\n","protected":false},"author":1,"featured_media":0,"parent":0,"menu_order":0,"comment_status":"closed","ping_status":"closed","template":"","meta":{"footnotes":""},"class_list":["post-96","page","type-page","status-publish","hentry"],"_links":{"self":[{"href":"https:\/\/lygudumb.lt\/index.php\/wp-json\/wp\/v2\/pages\/96","targetHints":{"allow":["GET"]}}],"collection":[{"href":"https:\/\/lygudumb.lt\/index.php\/wp-json\/wp\/v2\/pages"}],"about":[{"href":"https:\/\/lygudumb.lt\/index.php\/wp-json\/wp\/v2\/types\/page"}],"author":[{"embeddable":true,"href":"https:\/\/lygudumb.lt\/index.php\/wp-json\/wp\/v2\/users\/1"}],"replies":[{"embeddable":true,"href":"https:\/\/lygudumb.lt\/index.php\/wp-json\/wp\/v2\/comments?post=96"}],"version-history":[{"count":8,"href":"https:\/\/lygudumb.lt\/index.php\/wp-json\/wp\/v2\/pages\/96\/revisions"}],"predecessor-version":[{"id":657,"href":"https:\/\/lygudumb.lt\/index.php\/wp-json\/wp\/v2\/pages\/96\/revisions\/657"}],"wp:attachment":[{"href":"https:\/\/lygudumb.lt\/index.php\/wp-json\/wp\/v2\/media?parent=96"}],"curies":[{"name":"wp","href":"https:\/\/api.w.org\/{rel}","templated":true}]}}