{"id":45,"date":"2020-07-13T08:21:32","date_gmt":"2020-07-13T08:21:32","guid":{"rendered":"http:\/\/lygudumb.lt\/?page_id=45"},"modified":"2025-03-26T06:31:07","modified_gmt":"2025-03-26T04:31:07","slug":"dokumentai","status":"publish","type":"page","link":"https:\/\/lygudumb.lt\/index.php\/dokumentai\/","title":{"rendered":"Dokumentai"},"content":{"rendered":"\n<div class=\"wp-block-file\"><a id=\"wp-block-file--media-7ae319a9-06bc-40b2-a566-ff52a8b86e6f\" href=\"https:\/\/lygudumb.lt\/wp-content\/uploads\/2020\/07\/Istatai2020.pdf\" target=\"_blank\" rel=\"noreferrer noopener\">B\u016aRELIO \u012eSTATAI<\/a><a href=\"https:\/\/lygudumb.lt\/wp-content\/uploads\/2020\/07\/Istatai2020.pdf\" class=\"wp-block-file__button wp-element-button\" download aria-describedby=\"wp-block-file--media-7ae319a9-06bc-40b2-a566-ff52a8b86e6f\">Parsisi\u0173sti<\/a><\/div>\n\n\n\n<div class=\"wp-block-file\"><a id=\"wp-block-file--media-459d5d3b-0b2f-46fb-864a-887592df82e0\" href=\"https:\/\/lygudumb.lt\/wp-content\/uploads\/2020\/07\/vidaus-tvarkos-taisykles-2.pdf\" target=\"_blank\" rel=\"noreferrer noopener\">B\u016aRELIO VIDAUS TVARKOS TAISYKL\u0116S<\/a><a href=\"https:\/\/lygudumb.lt\/wp-content\/uploads\/2020\/07\/vidaus-tvarkos-taisykles-2.pdf\" class=\"wp-block-file__button wp-element-button\" download aria-describedby=\"wp-block-file--media-459d5d3b-0b2f-46fb-864a-887592df82e0\">Parsisi\u0173sti<\/a><\/div>\n\n\n\n<div data-wp-interactive=\"core\/file\" class=\"wp-block-file\"><object data-wp-bind--hidden=\"!state.hasPdfPreview\" hidden class=\"wp-block-file__embed\" data=\"https:\/\/lygudumb.lt\/wp-content\/uploads\/2023\/06\/Lygudai_pratesimas-4.pdf\" type=\"application\/pdf\" style=\"width:100%;height:600px\" aria-label=\"LEIDIMAS NAUDOTI MED\u017dIOJAM\u0172J\u0172 GYV\u016aN\u0172 I\u0160TEKLIUS \u201eLYGUD\u0172\u201c MED\u017dIOKL\u0116S PLOT\u0172 VIENETE \u012fterpimas.\"><\/object><a id=\"wp-block-file--media-60976507-809c-4b9a-b762-0091b35f6c94\" href=\"https:\/\/lygudumb.lt\/wp-content\/uploads\/2023\/06\/Lygudai_pratesimas-4.pdf\">LEIDIMAS NAUDOTI MED\u017dIOJAM\u0172J\u0172 GYV\u016aN\u0172 I\u0160TEKLIUS \u201eLYGUD\u0172\u201c MED\u017dIOKL\u0116S PLOT\u0172 VIENETE<\/a><a href=\"https:\/\/lygudumb.lt\/wp-content\/uploads\/2023\/06\/Lygudai_pratesimas-4.pdf\" class=\"wp-block-file__button wp-element-button\" download aria-describedby=\"wp-block-file--media-60976507-809c-4b9a-b762-0091b35f6c94\">Parsisi\u0173sti<\/a><\/div>\n","protected":false},"excerpt":{"rendered":"","protected":false},"author":1,"featured_media":0,"parent":0,"menu_order":0,"comment_status":"closed","ping_status":"closed","template":"","meta":{"footnotes":""},"class_list":["post-45","page","type-page","status-publish","hentry"],"_links":{"self":[{"href":"https:\/\/lygudumb.lt\/index.php\/wp-json\/wp\/v2\/pages\/45","targetHints":{"allow":["GET"]}}],"collection":[{"href":"https:\/\/lygudumb.lt\/index.php\/wp-json\/wp\/v2\/pages"}],"about":[{"href":"https:\/\/lygudumb.lt\/index.php\/wp-json\/wp\/v2\/types\/page"}],"author":[{"embeddable":true,"href":"https:\/\/lygudumb.lt\/index.php\/wp-json\/wp\/v2\/users\/1"}],"replies":[{"embeddable":true,"href":"https:\/\/lygudumb.lt\/index.php\/wp-json\/wp\/v2\/comments?post=45"}],"version-history":[{"count":13,"href":"https:\/\/lygudumb.lt\/index.php\/wp-json\/wp\/v2\/pages\/45\/revisions"}],"predecessor-version":[{"id":630,"href":"https:\/\/lygudumb.lt\/index.php\/wp-json\/wp\/v2\/pages\/45\/revisions\/630"}],"wp:attachment":[{"href":"https:\/\/lygudumb.lt\/index.php\/wp-json\/wp\/v2\/media?parent=45"}],"curies":[{"name":"wp","href":"https:\/\/api.w.org\/{rel}","templated":true}]}}