{"id":43,"date":"2020-07-13T08:19:37","date_gmt":"2020-07-13T08:19:37","guid":{"rendered":"http:\/\/lygudumb.lt\/?page_id=43"},"modified":"2025-03-27T17:04:09","modified_gmt":"2025-03-27T15:04:09","slug":"nariai-2","status":"publish","type":"page","link":"https:\/\/lygudumb.lt\/index.php\/nariai-2\/","title":{"rendered":"Nariai"},"content":{"rendered":"\n<h6 class=\"wp-block-heading\">I grup\u0117 (vadovas &#8211; Antanas Ba\u0161kys)<\/h6>\n\n\n\n<figure class=\"wp-block-table\"><table><tbody><tr><td><strong>Eil. Nr.<\/strong><\/td><td><strong>Pavard\u0117<\/strong><\/td><td><strong>Vardas<\/strong><\/td><\/tr><tr><td>1<\/td><td>Ba\u0161kys<\/td><td>Antanas<\/td><\/tr><tr><td>2<\/td><td>Ba\u0161kys<\/td><td>Simonas <\/td><\/tr><tr><td>3<\/td><td>Dambrauskas<\/td><td>Mindaugas <\/td><\/tr><tr><td>4<\/td><td>Domeika<\/td><td>Linas<\/td><\/tr><tr><td>5<\/td><td>Kan\u010delskis<\/td><td>Ram\u016bnas<\/td><\/tr><tr><td>6<\/td><td>Karda\u0161ius<\/td><td>Vaclovas<\/td><\/tr><tr><td>7<\/td><td>Lideikis<\/td><td>Svaj\u016bnas<\/td><\/tr><tr><td>8<\/td><td>Liutkus<\/td><td>Remigijus<\/td><\/tr><tr><td>9<\/td><td>Matkevi\u010dius<\/td><td>Jonas<\/td><\/tr><tr><td>10<\/td><td>Matkevi\u010dius<\/td><td>Martynas<\/td><\/tr><tr><td>11<\/td><td>Petri\u0161kis<\/td><td>Stanislovas<\/td><\/tr><tr><td>12<\/td><td>Skara<\/td><td>Audrius<\/td><\/tr><tr><td>13<\/td><td>\u0160pokas<\/td><td>Valentinas<\/td><\/tr><tr><td>14<\/td><td>Toleikis<\/td><td>Virmantas<\/td><\/tr><\/tbody><\/table><\/figure>\n\n\n\n<h6 class=\"wp-block-heading\">II grup\u0117 (vadovas &#8211; Algirdas Baikauskas)<\/h6>\n\n\n\n<figure class=\"wp-block-table aligncenter\"><table class=\"has-fixed-layout\"><tbody><tr><td><strong>Eil. Nr.<\/strong><\/td><td><strong>Pavard\u0117<\/strong><\/td><td><strong>Vardas<\/strong><\/td><\/tr><tr><td>1<\/td><td>Baikauskas<\/td><td>Algirdas<\/td><\/tr><tr><td>2<\/td><td>De\u0161rius<\/td><td>Audrius<\/td><\/tr><tr><td>3<\/td><td>Jakutien\u0117<\/td><td>Genovait\u0117<\/td><\/tr><tr><td>4<\/td><td>Jakutis<\/td><td>Raimundas <\/td><\/tr><tr><td>5<\/td><td>Kaminskas<\/td><td>Sigitas<\/td><\/tr><tr><td>6<\/td><td>Katinas<\/td><td>Justinas<\/td><\/tr><tr><td>7<\/td><td>Klimas<\/td><td>Linas<\/td><\/tr><tr><td>8<\/td><td>Lebeda<\/td><td>Valdas<\/td><\/tr><tr><td>9<\/td><td>Milkintis<\/td><td>Raigedas <\/td><\/tr><tr><td>10<\/td><td>Milkintis<\/td><td>Ri\u010dardas <\/td><\/tr><tr><td>11<\/td><td>Petrauskas<\/td><td>Gytis <\/td><\/tr><tr><td>12<\/td><td>Pevcevi\u010dius<\/td><td>Mantas <\/td><\/tr><tr><td>13<\/td><td>Pevcevi\u010dius<\/td><td>\u0160ar\u016bnas <\/td><\/tr><tr><td>14<\/td><td>Skruodys<\/td><td>Mindaugas <\/td><\/tr><tr><td>15<\/td><td>Slavikas<\/td><td>Rimantas <\/td><\/tr><tr><td>16<\/td><td>Steponavi\u010dius<\/td><td>Rimantas <\/td><\/tr><tr><td>17<\/td><td>\u0160e\u0161kauskas<\/td><td>K\u0119stutis<\/td><\/tr><tr><td>18<\/td><td>\u0160imkevi\u010dius<\/td><td>Marius <\/td><\/tr><tr><td>19<\/td><td>Urmonas<\/td><td>Algirdas <\/td><\/tr><\/tbody><\/table><\/figure>\n\n\n\n<h6 class=\"wp-block-heading\">III grup\u0117 (vadovas &#8211; Vytautas \u0160ablauskas)<\/h6>\n\n\n\n<figure class=\"wp-block-table\"><table class=\"has-fixed-layout\"><tbody><tr><td><strong>Eil. Nr.<\/strong><\/td><td><strong>Pavard\u0117<\/strong><\/td><td><strong>Vardas<\/strong><\/td><\/tr><tr><td>1<\/td><td>Dambrauskas<\/td><td>Romualdas <\/td><\/tr><tr><td>2<\/td><td>Dambrauskas<\/td><td>Ignas <\/td><\/tr><tr><td>3<\/td><td>Kazlauskis<\/td><td>Vaclovas<\/td><\/tr><tr><td>4<\/td><td>Kuliu\u0161as<\/td><td>\u017dilvinas <\/td><\/tr><tr><td>5<\/td><td>Marozas<\/td><td>Rimantas <\/td><\/tr><tr><td>6<\/td><td>Mazuras<\/td><td>Viktoras <\/td><\/tr><tr><td>7<\/td><td>Patapas<\/td><td>Valdas <\/td><\/tr><tr><td>8<\/td><td>Riuka<\/td><td>Viktoras <\/td><\/tr><tr><td>9<\/td><td>Steponavi\u010dius<\/td><td>Konstantinas <\/td><\/tr><tr><td>10<\/td><td>Stulginskas<\/td><td>Remigijus <\/td><\/tr><tr><td>11<\/td><td>\u0160ablauskait\u0117<\/td><td>Ona <\/td><\/tr><tr><td>12<\/td><td>\u0160ablauskas<\/td><td>Vytautas <\/td><\/tr><tr><td>13<\/td><td>\u0160iurys<\/td><td>Remigijus <\/td><\/tr><tr><td>14<\/td><td>Valikonis<\/td><td>Dainius <\/td><\/tr><tr><td>15<\/td><td>\u017durauskas<\/td><td>Sigitas <\/td><\/tr><tr><td>16<\/td><td>\u017durauskas<\/td><td>\u0160ar\u016bnas <\/td><\/tr><tr><td>17<\/td><td>\u017duronas<\/td><td>Martynas <\/td><\/tr><\/tbody><\/table><\/figure>\n\n\n\n<h6 class=\"wp-block-heading\">IV grup\u0117 (vadovas &#8211; K\u0119stutis Vai\u010daitis)<\/h6>\n\n\n\n<figure class=\"wp-block-table\"><table class=\"has-fixed-layout\"><tbody><tr><td><strong>Eil. Nr.<\/strong><\/td><td><strong>Pavard\u0117<\/strong><\/td><td><strong>Vardas<\/strong><\/td><\/tr><tr><td>1<\/td><td>Klep\u0161ys<\/td><td>Vidas <\/td><\/tr><tr><td>2<\/td><td>Kundrotas<\/td><td>Gintautas <\/td><\/tr><tr><td>3<\/td><td>Mikalauskas<\/td><td>Stanislovas <\/td><\/tr><tr><td>4<\/td><td>Motiej\u016bnas<\/td><td>Vaclovas <\/td><\/tr><tr><td>5<\/td><td>Pilvinis<\/td><td>Art\u016bras <\/td><\/tr><tr><td>6<\/td><td>Steponavi\u010dius<\/td><td>Sigitas<\/td><\/tr><tr><td>7<\/td><td>Steponavi\u010dius<\/td><td>Simonas <\/td><\/tr><tr><td>8<\/td><td>Steponavi\u010dius<\/td><td>Mantas<\/td><\/tr><tr><td>9<\/td><td>Vai\u010daitis<\/td><td>K\u0119stutis <\/td><\/tr><\/tbody><\/table><\/figure>\n\n\n\n<h3 class=\"wp-block-heading\"><strong>B\u016brelio pirmininkas Gytis Petrauskas<\/strong><\/h3>\n\n\n\n<p><\/p>\n","protected":false},"excerpt":{"rendered":"<p>I grup\u0117 (vadovas &#8211; Antanas Ba\u0161kys) Eil. Nr. Pavard\u0117 Vardas 1 Ba\u0161kys Antanas 2 Ba\u0161kys Simonas 3 Dambrauskas Mindaugas 4 Domeika Linas 5 Kan\u010delskis Ram\u016bnas 6 Karda\u0161ius Vaclovas 7 Lideikis Svaj\u016bnas 8 Liutkus Remigijus 9 Matkevi\u010dius Jonas 10 Matkevi\u010dius Martynas 11 Petri\u0161kis Stanislovas 12 Skara Audrius 13 \u0160pokas Valentinas 14 Toleikis Virmantas II grup\u0117 (vadovas [&hellip;]<\/p>\n","protected":false},"author":1,"featured_media":0,"parent":0,"menu_order":0,"comment_status":"closed","ping_status":"closed","template":"","meta":{"footnotes":""},"class_list":["post-43","page","type-page","status-publish","hentry"],"_links":{"self":[{"href":"https:\/\/lygudumb.lt\/index.php\/wp-json\/wp\/v2\/pages\/43","targetHints":{"allow":["GET"]}}],"collection":[{"href":"https:\/\/lygudumb.lt\/index.php\/wp-json\/wp\/v2\/pages"}],"about":[{"href":"https:\/\/lygudumb.lt\/index.php\/wp-json\/wp\/v2\/types\/page"}],"author":[{"embeddable":true,"href":"https:\/\/lygudumb.lt\/index.php\/wp-json\/wp\/v2\/users\/1"}],"replies":[{"embeddable":true,"href":"https:\/\/lygudumb.lt\/index.php\/wp-json\/wp\/v2\/comments?post=43"}],"version-history":[{"count":23,"href":"https:\/\/lygudumb.lt\/index.php\/wp-json\/wp\/v2\/pages\/43\/revisions"}],"predecessor-version":[{"id":656,"href":"https:\/\/lygudumb.lt\/index.php\/wp-json\/wp\/v2\/pages\/43\/revisions\/656"}],"wp:attachment":[{"href":"https:\/\/lygudumb.lt\/index.php\/wp-json\/wp\/v2\/media?parent=43"}],"curies":[{"name":"wp","href":"https:\/\/api.w.org\/{rel}","templated":true}]}}